{"id":65,"date":"2014-07-12T12:29:53","date_gmt":"2014-07-12T10:29:53","guid":{"rendered":"http:\/\/neu.swisttal-quesnoy.de\/?page_id=65"},"modified":"2015-01-17T13:28:18","modified_gmt":"2015-01-17T11:28:18","slug":"partnerstadt","status":"publish","type":"page","link":"https:\/\/swisttal-quesnoy.de\/?page_id=65","title":{"rendered":"Partnerstadt"},"content":{"rendered":"<p style=\"text-align: justify;\"><strong>Geographie und Allgemeines<\/strong><\/p>\n<p style=\"text-align: justify;\"><span style=\"color: #000000;\"><a href=\"http:\/\/neu.swisttal-quesnoy.de\/wp-content\/uploads\/2014\/07\/quesnoy1gross.jpg\"><img loading=\"lazy\" decoding=\"async\" class=\"alignleft size-medium wp-image-69\" src=\"http:\/\/neu.swisttal-quesnoy.de\/wp-content\/uploads\/2014\/07\/quesnoy1gross-300x225.jpg\" alt=\"quesnoy1gross\" width=\"300\" height=\"225\" srcset=\"https:\/\/swisttal-quesnoy.de\/wp-content\/uploads\/2014\/07\/quesnoy1gross-300x225.jpg 300w, https:\/\/swisttal-quesnoy.de\/wp-content\/uploads\/2014\/07\/quesnoy1gross-160x120.jpg 160w, https:\/\/swisttal-quesnoy.de\/wp-content\/uploads\/2014\/07\/quesnoy1gross.jpg 500w\" sizes=\"auto, (max-width: 300px) 100vw, 300px\" \/><\/a>Die Stadt liegt an der nordfanz\u00f6sichen Grenze;\u00a0<\/span><span style=\"color: #000000;\">12\u00a0<\/span><abbr lang=\"de\" style=\"color: #000000;\" title=\"Kilometer\" xml:lang=\"de\">km<\/abbr><span style=\"color: #000000;\">\u00a0nordwestlich von Lille,<\/span><br style=\"color: #000000;\" \/><span style=\"color: #000000;\">6 km von Belgien. Der Kanal De\u00fble durchflie\u00dft Quesnoy sur De\u00fble und ist heute noch ein bedeutender Transportkanal f\u00fcr Nordfrankreich. Die Stadt Quesnoy sur De\u00fble steht heute in einem gr\u00fcnen und ruhigen Rahmen.\u00a0<\/span><br style=\"color: #000000;\" \/><span style=\"color: #000000;\">Des weiteren machen 50 landwirtschaftliche Betriebe \u00fcber 77% der Gesamtfl\u00e4che aus.\u00a0<\/span><br style=\"color: #000000;\" \/><span style=\"color: #000000;\">Sie z\u00e4hlt zur Stadtgemeinde Lille Metropole und ist Kantonhauptort.<\/span><\/p>\n<p style=\"text-align: justify;\"><strong>Ein bisschen Geschichte<\/strong><\/p>\n<p style=\"text-align: justify;\"><span style=\"color: #000000;\">Der Name Quesnoy sur De\u00fble bedeutet: Ort mit Eichen bepflanzt.<\/span><\/p>\n<p style=\"text-align: justify;\"><span style=\"color: #000000;\"><a href=\"http:\/\/neu.swisttal-quesnoy.de\/wp-content\/uploads\/2014\/07\/quesnoy2gross.jpg\"><img loading=\"lazy\" decoding=\"async\" class=\"alignleft size-medium wp-image-70\" src=\"http:\/\/neu.swisttal-quesnoy.de\/wp-content\/uploads\/2014\/07\/quesnoy2gross-300x225.jpg\" alt=\"quesnoy2gross\" width=\"300\" height=\"225\" srcset=\"https:\/\/swisttal-quesnoy.de\/wp-content\/uploads\/2014\/07\/quesnoy2gross-300x225.jpg 300w, https:\/\/swisttal-quesnoy.de\/wp-content\/uploads\/2014\/07\/quesnoy2gross-160x120.jpg 160w, https:\/\/swisttal-quesnoy.de\/wp-content\/uploads\/2014\/07\/quesnoy2gross.jpg 500w\" sizes=\"auto, (max-width: 300px) 100vw, 300px\" \/><\/a>Die erste amtliche Erw\u00e4hnung der Stadt stammt aus dem 12. Jahrhundert. Der\u00a0<\/span><br style=\"color: #000000;\" \/><span style=\"color: #000000;\">Ursprung der Stadt liegt bereits in der Antike, wo bereits ein Durchgangsverkehr\u00a0<\/span><br style=\"color: #000000;\" \/><span style=\"color: #000000;\">aufgrund der De\u00fble verzeichnet ist. Die Br\u00fccke, sowie die Schleuse, die bereits im\u00a0<\/span><br style=\"color: #000000;\" \/><span style=\"color: #000000;\">13. Jahrhundert erw\u00e4hnt wurde, steht in der Geschichte der Stadt h\u00e4ufig im\u00a0<\/span><span style=\"color: #000000;\">Mittelpunkt, 1781 wurde in der Stadt Anlegestellen erbaut und 1784 wurde eine\u00a0<\/span><span style=\"color: #000000;\">neue Passagierbr\u00fccke mit Zahleneinrichtung errichtet. Damals z\u00e4hlte die Gemeinde an die 4000 Einwohner und es passierten ann\u00e4hernd 2400 Schiffe pro Jahr &#8211; heute z\u00e4hlt\u00a0<\/span><span style=\"color: #000000;\">die Stadt 6500 Einwohner und 18.000 Schiffe passierten im Jahr Quesnoy sur De\u00fble.\u00a0<\/span><br style=\"color: #000000;\" \/><span style=\"color: #000000;\">1991 wurden Uferspazierpfade und eine Wassersportstation angelegt.<\/span><br style=\"color: #000000;\" \/><span style=\"color: #000000;\">Zum Jahre 2000 konnte ein sehenswertes Glockenspiel im Rathausturm eingeweiht werden.<\/span><\/p>\n<p style=\"text-align: justify;\"><strong>Partnerschaft mit Swisttal Buschhoven<\/strong><\/p>\n<p style=\"text-align: justify;\"><span style=\"color: #000000;\"><a href=\"http:\/\/neu.swisttal-quesnoy.de\/wp-content\/uploads\/2014\/07\/partnersch.jpg\"><img loading=\"lazy\" decoding=\"async\" class=\"alignright size-full wp-image-72\" src=\"http:\/\/neu.swisttal-quesnoy.de\/wp-content\/uploads\/2014\/07\/partnersch.jpg\" alt=\"partnersch\" width=\"160\" height=\"265\" \/><\/a>Nach zwei Jahrzehnten privater Kontakte mit dem Sportverein Hertha Buschhoven\u00a0<\/span><span style=\"color: #000000;\">und dem Spielmannszug der\u00a0<\/span><abbr lang=\"de\" style=\"color: #000000;\" title=\"Freiwillige Feuerwehr\">F.F.<\/abbr><span style=\"color: #000000;\">\u00a0Buschhoven\u00a0<\/span><span style=\"color: #000000;\">wurden am 6. Oktober 1990 in Quesnoy sur Deule, in einem feierlichen Festakt im Rathaus, die Partnerschafturkunden von den B\u00fcrgermeistern Wilfried Hein (Swisttal) und dem B\u00fcrgermeister Lefebvre aus Quesnoy unterzeichnet. Mit zu den Paten der Verschwisterung geh\u00f6rte auch der deutsche Generalkonsul in Lille, Franz-Walter Pyroth der u. a. die besten Gr\u00fc\u00dfe und W\u00fcnsche des damaligen Bundeskanzler Helmut Kohl \u00fcberbrachte.\u00a0<\/span><br style=\"color: #000000;\" \/><span style=\"color: #000000;\">Die franz\u00f6sischen Gastgeber scheuten weder Anstrengungen noch Kosten, um diese St\u00e4dtepartnerschaft stilvoll und trotzdem volkst\u00fcmlich zu vollziehen.<\/span><\/p>\n<p style=\"text-align: justify;\"><strong>Verein zur F\u00f6rderung der Partnerschaft zwischen<br \/>\nQuesnoy sur Deule und Swisttal<\/strong><\/p>\n<p style=\"text-align: justify;\"><span style=\"color: #000000;\">Im Jahr 2006 wurde der Verein, in dem alle Swistaler Vereine, und B\u00fcrger Mitglied werden k\u00f6nnen, gegr\u00fcndet.<\/span><\/p>\n<p style=\"color: #000000; text-align: justify;\"><strong>Gewerbe :<\/strong><\/p>\n<p style=\"color: #000000; text-align: justify;\">Die wirtschaftliche Aktivit\u00e4t verteilt sich auf 110 Handwerks- und Handelsbetriebe.<br \/>\nfolgende Wirtschaftsbereiche sind vertreten:<br \/>\n1 Leinenhandel, Transportunternehmen, \u00f6ffentliche Bauunternehmen, 1 Stahl-<br \/>\nUnternehmen, Bauhandel, Papierrecycling, Kartoffelanbau, Supermarkt\u00a0<abbr lang=\"de\" title=\"und so weiter\" xml:lang=\"de\">usw<\/abbr>.<br \/>\nfr\u00fcher waren Wirtschaftsbereiche wie: Leinenanbau, Spinnerei, f\u00e4rberei.<br \/>\nBrauereien, Zuckerfabrik, Tabakverarbeitungsfabrik, Gerberei, \u00d6lm\u00fchlen,<br \/>\nNagelschmiede und Leinenk\u00e4mmerei angesiedelt.<\/p>\n<p style=\"color: #000000; text-align: justify;\">60 Freizeit und Interessenvereine :<br \/>\nOrchester, Chor, Tennis, deutsch-franz\u00f6sicher Partnerschaftsverein usw.<\/p>\n<p style=\"color: #000000; text-align: justify;\"><strong>Veranstaltungen:<\/strong><\/p>\n<p style=\"color: #000000; text-align: justify;\">Einmal j\u00e4hrlich findet ein Wasserfest unter 8 an der De\u00fble liegenden St\u00e4dte statt.<br \/>\nF\u00fcr die vielz\u00e4hligen Vereins- und Interessenveranstaltungen, sowie Kulturprogramme, wenden Sie sich bitte direkt an das Rathaus<\/p>\n<p style=\"text-align: justify;\"><strong>Kontakte:<\/strong><br \/>\nf\u00fcr weitere Fragen oder Kontaktadressen wenden Sie sich bitte an das Rathaus oder den Partnerschaftaustausch \u201cVerein Les amis de Swisttal-Buschhoven\u201d<\/p>\n<p style=\"text-align: justify;\"><strong>Adresse :<\/strong><br \/>\nMairie de Quesnoy sur De\u00fble<br \/>\nPlace G\u00e9n\u00e9ral de GaulleF- 59890 Quesnoy sur De\u00fble<br \/>\nTel: 0033-320631188<br \/>\nFax: 0033-32039819<br \/>\nInternet :\u00a0<a href=\"http:\/\/www.ville-quesnoysurdeule.fr\/\" target=\"_blank\">http:\/\/www.ville-quesnoysurdeule.fr\/<\/a><\/p>\n","protected":false},"excerpt":{"rendered":"<p>Geographie und Allgemeines Die Stadt liegt an der nordfanz\u00f6sichen Grenze;\u00a012\u00a0km\u00a0nordwestlich von Lille,6 km von Belgien. Der Kanal De\u00fble durchflie\u00dft Quesnoy sur De\u00fble und ist heute noch ein bedeutender Transportkanal f\u00fcr Nordfrankreich. Die Stadt Quesnoy sur De\u00fble steht heute in einem gr\u00fcnen und ruhigen Rahmen.\u00a0Des weiteren machen 50 landwirtschaftliche Betriebe \u00fcber 77% der Gesamtfl\u00e4che aus.\u00a0Sie z\u00e4hlt [&hellip;]<\/p>\n","protected":false},"author":1,"featured_media":0,"parent":0,"menu_order":4,"comment_status":"closed","ping_status":"closed","template":"","meta":{"footnotes":""},"class_list":["post-65","page","type-page","status-publish","hentry"],"_links":{"self":[{"href":"https:\/\/swisttal-quesnoy.de\/index.php?rest_route=\/wp\/v2\/pages\/65","targetHints":{"allow":["GET"]}}],"collection":[{"href":"https:\/\/swisttal-quesnoy.de\/index.php?rest_route=\/wp\/v2\/pages"}],"about":[{"href":"https:\/\/swisttal-quesnoy.de\/index.php?rest_route=\/wp\/v2\/types\/page"}],"author":[{"embeddable":true,"href":"https:\/\/swisttal-quesnoy.de\/index.php?rest_route=\/wp\/v2\/users\/1"}],"replies":[{"embeddable":true,"href":"https:\/\/swisttal-quesnoy.de\/index.php?rest_route=%2Fwp%2Fv2%2Fcomments&post=65"}],"version-history":[{"count":7,"href":"https:\/\/swisttal-quesnoy.de\/index.php?rest_route=\/wp\/v2\/pages\/65\/revisions"}],"predecessor-version":[{"id":76,"href":"https:\/\/swisttal-quesnoy.de\/index.php?rest_route=\/wp\/v2\/pages\/65\/revisions\/76"}],"wp:attachment":[{"href":"https:\/\/swisttal-quesnoy.de\/index.php?rest_route=%2Fwp%2Fv2%2Fmedia&parent=65"}],"curies":[{"name":"wp","href":"https:\/\/api.w.org\/{rel}","templated":true}]}}