{"id":63,"date":"2014-07-12T12:21:19","date_gmt":"2014-07-12T10:21:19","guid":{"rendered":"http:\/\/neu.swisttal-quesnoy.de\/?page_id=63"},"modified":"2025-03-02T11:56:21","modified_gmt":"2025-03-02T09:56:21","slug":"kontakt","status":"publish","type":"page","link":"https:\/\/swisttal-quesnoy.de\/?page_id=63","title":{"rendered":"Impressum"},"content":{"rendered":"<p><strong>Verantwortlich:<\/strong><br \/>\nVerein zur F\u00f6rderung der Partnerschaft zwischen Quesnoy-sur-De\u00fble und Swisttal e.V.<br \/>\nRosenweg 66<br \/>\n53913 Swisttal<br \/>\nTel.: 02226\/12498<br \/>\nE-Mail: mwu@swisttal-quesnoy.de<\/p>\n<p>Vorsitzende: Monika Wolf-Umhauer<\/p>\n<p>Registergericht: Amtsgericht Rheinbach<br \/>\nRegisternummer: VR 574<\/p>\n<p><strong>Inhaltlich Verantwortliche gem. \u00a7 55 Abs. 2 RStV:<\/strong><br \/>\nMonika Wolf-Umhauer (Anschrift s. o.)<\/p>\n<p><strong>Inhaltlich Verantwortliche gem\u00e4\u00df \u00a7 6\u00a0<acronym lang=\"de\" title=\"Mediendienstestaatsvertrag\">MDStV<\/acronym>: <\/strong><br \/>\nMonika Wolf-Umhauer<\/p>\n<p><strong>Datenschutzerkl\u00e4rung:<\/strong><br \/>\n<a href=\"http:\/\/swisttal-quesnoy.de\/?page_id=1130\" target=\"_blank\" rel=\"noopener\">Hinweise zum Datenschutz<\/a><\/p>\n<p><strong>Satzung:<\/strong><br \/>\n<a href=\"http:\/\/swisttal-quesnoy.de\/wp-content\/uploads\/2025\/03\/Satzung-Partnerschaftsverein-1.pdf\" target=\"_blank\" rel=\"noopener\">Satzung<\/a><\/p>\n<p><strong>Haftungshinweis:<\/strong><br \/>\nTrotz sorgf\u00e4ltiger inhaltlicher Kontrolle \u00fcbernehmen wir keine Haftung f\u00fcr die Inhalte externer Links. F\u00fcr den Inhalt der verlinkten Seiten sind ausschlie\u00dflich deren Betreiber verantwortlich.<\/p>\n<p><strong>Copyright:<\/strong><br \/>\nVervielf\u00e4ltigungen jeder Art sind nur mit ausdr\u00fccklicher Genehmigung des Vereins gestattet.<\/p>\n","protected":false},"excerpt":{"rendered":"<p>Verantwortlich: Verein zur F\u00f6rderung der Partnerschaft zwischen Quesnoy-sur-De\u00fble und Swisttal e.V. Rosenweg 66 53913 Swisttal Tel.: 02226\/12498 E-Mail: mwu@swisttal-quesnoy.de Vorsitzende: Monika Wolf-Umhauer Registergericht: Amtsgericht Rheinbach Registernummer: VR 574 Inhaltlich Verantwortliche gem. \u00a7 55 Abs. 2 RStV: Monika Wolf-Umhauer (Anschrift s. o.) Inhaltlich Verantwortliche gem\u00e4\u00df \u00a7 6\u00a0MDStV: Monika Wolf-Umhauer Datenschutzerkl\u00e4rung: Hinweise zum Datenschutz Satzung: Satzung Haftungshinweis: [&hellip;]<\/p>\n","protected":false},"author":1,"featured_media":0,"parent":0,"menu_order":8,"comment_status":"closed","ping_status":"closed","template":"","meta":{"footnotes":""},"class_list":["post-63","page","type-page","status-publish","hentry"],"_links":{"self":[{"href":"https:\/\/swisttal-quesnoy.de\/index.php?rest_route=\/wp\/v2\/pages\/63","targetHints":{"allow":["GET"]}}],"collection":[{"href":"https:\/\/swisttal-quesnoy.de\/index.php?rest_route=\/wp\/v2\/pages"}],"about":[{"href":"https:\/\/swisttal-quesnoy.de\/index.php?rest_route=\/wp\/v2\/types\/page"}],"author":[{"embeddable":true,"href":"https:\/\/swisttal-quesnoy.de\/index.php?rest_route=\/wp\/v2\/users\/1"}],"replies":[{"embeddable":true,"href":"https:\/\/swisttal-quesnoy.de\/index.php?rest_route=%2Fwp%2Fv2%2Fcomments&post=63"}],"version-history":[{"count":16,"href":"https:\/\/swisttal-quesnoy.de\/index.php?rest_route=\/wp\/v2\/pages\/63\/revisions"}],"predecessor-version":[{"id":2606,"href":"https:\/\/swisttal-quesnoy.de\/index.php?rest_route=\/wp\/v2\/pages\/63\/revisions\/2606"}],"wp:attachment":[{"href":"https:\/\/swisttal-quesnoy.de\/index.php?rest_route=%2Fwp%2Fv2%2Fmedia&parent=63"}],"curies":[{"name":"wp","href":"https:\/\/api.w.org\/{rel}","templated":true}]}}